{"id":8844,"date":"2024-08-21T15:07:40","date_gmt":"2024-08-21T19:07:40","guid":{"rendered":"https:\/\/entourage.coop\/le-kangatraining\/"},"modified":"2026-02-25T17:03:11","modified_gmt":"2026-02-25T22:03:11","slug":"kangatraining","status":"publish","type":"page","link":"https:\/\/entourage.coop\/en\/kangatraining\/","title":{"rendered":"Kangatraining EN"},"content":{"rendered":"\t\t<div data-elementor-type=\"wp-page\" data-elementor-id=\"8844\" class=\"elementor elementor-8844 elementor-5542\" data-elementor-post-type=\"page\">\n\t\t\t\t<div class=\"elementor-element elementor-element-7e0d8e4e e-con-full e-flex e-con e-parent\" data-id=\"7e0d8e4e\" data-element_type=\"container\" data-e-type=\"container\" data-settings=\"{&quot;background_background&quot;:&quot;classic&quot;}\">\n\t\t<div class=\"elementor-element elementor-element-373893f5 e-con-full e-flex e-con e-child\" data-id=\"373893f5\" data-element_type=\"container\" data-e-type=\"container\">\n\t\t\t\t<div class=\"elementor-element elementor-element-72d55886 elementor-widget__width-initial elementor-invisible elementor-widget elementor-widget-heading\" data-id=\"72d55886\" data-element_type=\"widget\" data-e-type=\"widget\" data-settings=\"{&quot;_animation&quot;:&quot;fadeIn&quot;}\" data-widget_type=\"heading.default\">\n\t\t\t\t<div class=\"elementor-widget-container\">\n\t\t\t\t\t<h2 class=\"elementor-heading-title elementor-size-default\">Kangatraining<\/h2>\t\t\t\t<\/div>\n\t\t\t\t<\/div>\n\t\t\t\t<div class=\"elementor-element elementor-element-00d7c02 elementor-widget elementor-widget-spacer\" data-id=\"00d7c02\" data-element_type=\"widget\" data-e-type=\"widget\" data-widget_type=\"spacer.default\">\n\t\t\t\t<div class=\"elementor-widget-container\">\n\t\t\t\t\t\t\t<div class=\"elementor-spacer\">\n\t\t\t<div class=\"elementor-spacer-inner\"><\/div>\n\t\t<\/div>\n\t\t\t\t\t\t<\/div>\n\t\t\t\t<\/div>\n\t\t\t\t<div class=\"elementor-element elementor-element-ac8864c elementor-widget elementor-widget-text-editor\" data-id=\"ac8864c\" data-element_type=\"widget\" data-e-type=\"widget\" data-widget_type=\"text-editor.default\">\n\t\t\t\t<div class=\"elementor-widget-container\">\n\t\t\t\t\t\t\t\t\t<div class=\"flex max-w-full flex-col flex-grow\"><div class=\"min-h-8 text-message flex w-full flex-col items-end gap-2 whitespace-normal break-words text-start [.text-message+&amp;]:mt-5\" dir=\"auto\" data-message-author-role=\"assistant\" data-message-id=\"5908def0-8ae4-48d7-9fcb-3178138e13fe\" data-message-model-slug=\"gpt-4o\"><div class=\"flex w-full flex-col gap-1 empty:hidden first:pt-[3px]\"><div class=\"markdown prose w-full break-words dark:prose-invert dark\"><p>Kangatraining is a specialized fitness program designed for postpartum parents.<\/p><\/div><\/div><\/div><\/div>\t\t\t\t\t\t\t\t<\/div>\n\t\t\t\t<\/div>\n\t\t\t\t<div class=\"elementor-element elementor-element-e0fdce7 elementor-widget elementor-widget-spacer\" data-id=\"e0fdce7\" data-element_type=\"widget\" data-e-type=\"widget\" data-widget_type=\"spacer.default\">\n\t\t\t\t<div class=\"elementor-widget-container\">\n\t\t\t\t\t\t\t<div class=\"elementor-spacer\">\n\t\t\t<div class=\"elementor-spacer-inner\"><\/div>\n\t\t<\/div>\n\t\t\t\t\t\t<\/div>\n\t\t\t\t<\/div>\n\t\t\t\t<\/div>\n\t\t\t\t<\/div>\n\t\t<div class=\"elementor-element elementor-element-48ea2e0e e-con-full e-flex e-con e-parent\" data-id=\"48ea2e0e\" data-element_type=\"container\" data-e-type=\"container\" data-settings=\"{&quot;background_background&quot;:&quot;classic&quot;}\">\n\t\t\t\t<div class=\"elementor-element elementor-element-38b1c279 elementor-widget-tablet__width-initial elementor-widget elementor-widget-image\" data-id=\"38b1c279\" data-element_type=\"widget\" data-e-type=\"widget\" data-widget_type=\"image.default\">\n\t\t\t\t<div class=\"elementor-widget-container\">\n\t\t\t\t\t\t\t\t\t\t\t\t\t\t\t<img fetchpriority=\"high\" decoding=\"async\" width=\"768\" height=\"960\" src=\"https:\/\/entourage.coop\/wp-content\/uploads\/2024\/08\/IMG_4511-768x960.jpg\" class=\"attachment-medium_large size-medium_large wp-image-5491\" alt=\"\" srcset=\"https:\/\/entourage.coop\/wp-content\/uploads\/2024\/08\/IMG_4511-768x960.jpg 768w, https:\/\/entourage.coop\/wp-content\/uploads\/2024\/08\/IMG_4511-240x300.jpg 240w, https:\/\/entourage.coop\/wp-content\/uploads\/2024\/08\/IMG_4511-819x1024.jpg 819w, https:\/\/entourage.coop\/wp-content\/uploads\/2024\/08\/IMG_4511-1229x1536.jpg 1229w, https:\/\/entourage.coop\/wp-content\/uploads\/2024\/08\/IMG_4511-1639x2048.jpg 1639w, https:\/\/entourage.coop\/wp-content\/uploads\/2024\/08\/IMG_4511-1320x1650.jpg 1320w, https:\/\/entourage.coop\/wp-content\/uploads\/2024\/08\/IMG_4511-600x750.jpg 600w, https:\/\/entourage.coop\/wp-content\/uploads\/2024\/08\/IMG_4511-scaled.jpg 2048w\" sizes=\"(max-width: 768px) 100vw, 768px\" \/>\t\t\t\t\t\t\t\t\t\t\t\t\t\t\t<\/div>\n\t\t\t\t<\/div>\n\t\t<div class=\"elementor-element elementor-element-7268e409 e-con-full e-flex e-con e-child\" data-id=\"7268e409\" data-element_type=\"container\" data-e-type=\"container\">\n\t\t\t\t<div class=\"elementor-element elementor-element-7d85394d elementor-widget elementor-widget-heading\" data-id=\"7d85394d\" data-element_type=\"widget\" data-e-type=\"widget\" data-widget_type=\"heading.default\">\n\t\t\t\t<div class=\"elementor-widget-container\">\n\t\t\t\t\t<h2 class=\"elementor-heading-title elementor-size-default\">Meet your teacher<\/h2>\t\t\t\t<\/div>\n\t\t\t\t<\/div>\n\t\t\t\t<div class=\"elementor-element elementor-element-2dc7aaf elementor-widget elementor-widget-text-editor\" data-id=\"2dc7aaf\" data-element_type=\"widget\" data-e-type=\"widget\" data-widget_type=\"text-editor.default\">\n\t\t\t\t<div class=\"elementor-widget-container\">\n\t\t\t\t\t\t\t\t\t<p>S\u00e9r\u00e9na\u00a0<span style=\"text-align: var(--text-align); background-color: var( --e-global-color-primary );\">Chaumont Pr\u00e9vost<\/span><\/p>\t\t\t\t\t\t\t\t<\/div>\n\t\t\t\t<\/div>\n\t\t\t\t<div class=\"elementor-element elementor-element-ec476bd elementor-widget__width-initial elementor-widget-mobile__width-inherit elementor-widget-laptop__width-initial elementor-widget elementor-widget-text-editor\" data-id=\"ec476bd\" data-element_type=\"widget\" data-e-type=\"widget\" data-widget_type=\"text-editor.default\">\n\t\t\t\t<div class=\"elementor-widget-container\">\n\t\t\t\t\t\t\t\t\t<p>A mother of two and a former daycare educator, S\u00e9r\u00e9na quickly discovered that babywearing is a true life-saver for busy parents. Her passion for movement and dance naturally led her to Kangatraining, a unique postnatal workout that combines fitness with babywearing. Now a certified instructor, she is excited to bring this energizing activity to the L\u2019Entourage community. With a deep understanding of early childhood development, S\u00e9r\u00e9na supports new parents with kindness, placing well-being and the joy of movement at the heart of her approach.<\/p>\t\t\t\t\t\t\t\t<\/div>\n\t\t\t\t<\/div>\n\t\t\t\t<div class=\"elementor-element elementor-element-101f5c60 elementor-align-left elementor-widget elementor-widget-button\" data-id=\"101f5c60\" data-element_type=\"widget\" data-e-type=\"widget\" data-widget_type=\"button.default\">\n\t\t\t\t<div class=\"elementor-widget-container\">\n\t\t\t\t\t\t\t\t\t<div class=\"elementor-button-wrapper\">\n\t\t\t\t\t<a class=\"elementor-button elementor-button-link elementor-size-sm\" href=\"https:\/\/kangatraining.info\/go\/kangatraining\" target=\"_blank\">\n\t\t\t\t\t\t<span class=\"elementor-button-content-wrapper\">\n\t\t\t\t\t\t<span class=\"elementor-button-icon\">\n\t\t\t\t<svg xmlns=\"http:\/\/www.w3.org\/2000\/svg\" viewBox=\"0 0 31 16\"><path d=\"M30.707 8.707a1 1 0 0 0 0-1.414L24.343.929a1 1 0 1 0-1.414 1.414L28.586 8l-5.657 5.657a1 1 0 0 0 1.414 1.414l6.364-6.364ZM0 9h30V7H0v2Z\"><\/path><\/svg>\t\t\t<\/span>\n\t\t\t\t\t\t\t\t\t<span class=\"elementor-button-text\">Learn more about Kangatraining<\/span>\n\t\t\t\t\t<\/span>\n\t\t\t\t\t<\/a>\n\t\t\t\t<\/div>\n\t\t\t\t\t\t\t\t<\/div>\n\t\t\t\t<\/div>\n\t\t\t\t<\/div>\n\t\t\t\t<\/div>\n\t\t<div class=\"elementor-element elementor-element-3d47012e e-con-full e-flex e-con e-parent\" data-id=\"3d47012e\" data-element_type=\"container\" data-e-type=\"container\" data-settings=\"{&quot;background_background&quot;:&quot;classic&quot;}\">\n\t\t<div class=\"elementor-element elementor-element-3951787e e-con-full e-flex e-con e-child\" data-id=\"3951787e\" data-element_type=\"container\" data-e-type=\"container\">\n\t\t\t\t<div class=\"elementor-element elementor-element-5f5e90f3 elementor-widget elementor-widget-heading\" data-id=\"5f5e90f3\" data-element_type=\"widget\" data-e-type=\"widget\" data-widget_type=\"heading.default\">\n\t\t\t\t<div class=\"elementor-widget-container\">\n\t\t\t\t\t<h3 class=\"elementor-heading-title elementor-size-default\">Connect with other parents\n<\/h3>\t\t\t\t<\/div>\n\t\t\t\t<\/div>\n\t\t\t\t<div class=\"elementor-element elementor-element-3bf4a8c0 elementor-widget elementor-widget-text-editor\" data-id=\"3bf4a8c0\" data-element_type=\"widget\" data-e-type=\"widget\" data-widget_type=\"text-editor.default\">\n\t\t\t\t<div class=\"elementor-widget-container\">\n\t\t\t\t\t\t\t\t\t<div id=\"comp-lkwo5yp41\" class=\"comp-lkwo5yp41 wixui-repeater\"><div id=\"comp-lkwo5yp41_wrapper\" class=\"o6oDlF\"><div id=\"comp-lkwo5ypb__item3\" class=\"comp-lkwo5ypb YzqVVZ wixui-repeater__item\" role=\"listitem\"><div class=\"\" data-mesh-id=\"comp-lkwo5ypb__item3inlineContent\" data-testid=\"inline-content\"><div data-mesh-id=\"comp-lkwo5ypb__item3inlineContent-gridContainer\" data-testid=\"mesh-container-content\"><div id=\"comp-lkwo5ypl3__item3\" class=\"KcpHeO tz5f0K comp-lkwo5ypl3 wixui-rich-text\" data-testid=\"richTextElement\"><p>Join our supportive community of parents, where you can share experiences, build connections, and enjoy this incredible and hard journey together.<\/p><\/div><\/div><\/div><\/div><\/div><\/div><div id=\"comp-llbpf0s8\" class=\"comp-llbpf0s8\" data-semantic-classname=\"button\"><div class=\"StylableButton2545352419__container\">\u00a0<\/div><\/div>\t\t\t\t\t\t\t\t<\/div>\n\t\t\t\t<\/div>\n\t\t\t\t<\/div>\n\t\t<div class=\"elementor-element elementor-element-22396627 e-con-full e-flex e-con e-child\" data-id=\"22396627\" data-element_type=\"container\" data-e-type=\"container\">\n\t\t\t\t<div class=\"elementor-element elementor-element-600ae9d8 elementor-widget elementor-widget-heading\" data-id=\"600ae9d8\" data-element_type=\"widget\" data-e-type=\"widget\" data-widget_type=\"heading.default\">\n\t\t\t\t<div class=\"elementor-widget-container\">\n\t\t\t\t\t<h3 class=\"elementor-heading-title elementor-size-default\">Move your body<\/h3>\t\t\t\t<\/div>\n\t\t\t\t<\/div>\n\t\t\t\t<div class=\"elementor-element elementor-element-1154fce5 elementor-widget elementor-widget-text-editor\" data-id=\"1154fce5\" data-element_type=\"widget\" data-e-type=\"widget\" data-widget_type=\"text-editor.default\">\n\t\t\t\t<div class=\"elementor-widget-container\">\n\t\t\t\t\t\t\t\t\t<div id=\"comp-lkwo5ypb__item1\" class=\"comp-lkwo5ypb YzqVVZ wixui-repeater__item\" role=\"listitem\"><div class=\"\" data-mesh-id=\"comp-lkwo5ypb__item1inlineContent\" data-testid=\"inline-content\"><div data-mesh-id=\"comp-lkwo5ypb__item1inlineContent-gridContainer\" data-testid=\"mesh-container-content\"><div id=\"comp-lkwo5ypl3__item1\" class=\"KcpHeO tz5f0K comp-lkwo5ypl3 wixui-rich-text\" data-testid=\"richTextElement\"><p>Kangatraining is a physical activity specially designed for parents who have just given birth. It combines cardio, muscle-strengthening and dance exercises, while carrying baby in an ergonomic baby carrier. This approach not only helps you get back into shape after giving birth, but also strengthens the bond with your baby.<\/p><\/div><\/div><\/div><\/div><div id=\"comp-lkwo5ypb__item2\" class=\"comp-lkwo5ypb YzqVVZ wixui-repeater__item\" role=\"listitem\"><div id=\"bgLayers_comp-lkwo5ypb__item2\" class=\"MW5IWV\" data-hook=\"bgLayers\">\u00a0<\/div><\/div>\t\t\t\t\t\t\t\t<\/div>\n\t\t\t\t<\/div>\n\t\t\t\t<\/div>\n\t\t<div class=\"elementor-element elementor-element-623e3161 e-con-full e-flex e-con e-child\" data-id=\"623e3161\" data-element_type=\"container\" data-e-type=\"container\">\n\t\t\t\t<div class=\"elementor-element elementor-element-2227343b elementor-widget elementor-widget-heading\" data-id=\"2227343b\" data-element_type=\"widget\" data-e-type=\"widget\" data-widget_type=\"heading.default\">\n\t\t\t\t<div class=\"elementor-widget-container\">\n\t\t\t\t\t<h3 class=\"elementor-heading-title elementor-size-default\">Connect with your baby<\/h3>\t\t\t\t<\/div>\n\t\t\t\t<\/div>\n\t\t\t\t<div class=\"elementor-element elementor-element-2d2bdd5a elementor-widget elementor-widget-text-editor\" data-id=\"2d2bdd5a\" data-element_type=\"widget\" data-e-type=\"widget\" data-widget_type=\"text-editor.default\">\n\t\t\t\t<div class=\"elementor-widget-container\">\n\t\t\t\t\t\t\t\t\t<div id=\"comp-lkwo5ypb__item1\" class=\"comp-lkwo5ypb YzqVVZ wixui-repeater__item\" role=\"listitem\"><div class=\"\" data-mesh-id=\"comp-lkwo5ypb__item1inlineContent\" data-testid=\"inline-content\"><div data-mesh-id=\"comp-lkwo5ypb__item1inlineContent-gridContainer\" data-testid=\"mesh-container-content\"><div id=\"comp-lkwo5ypl3__item1\" class=\"KcpHeO tz5f0K comp-lkwo5ypl3 wixui-rich-text\" data-testid=\"richTextElement\"><div id=\"comp-lkwo5ypb__item2\" class=\"comp-lkwo5ypb YzqVVZ wixui-repeater__item\" role=\"listitem\"><div class=\"\" data-mesh-id=\"comp-lkwo5ypb__item2inlineContent\" data-testid=\"inline-content\"><div data-mesh-id=\"comp-lkwo5ypb__item2inlineContent-gridContainer\" data-testid=\"mesh-container-content\"><div id=\"comp-lkwo5ypl3__item2\" class=\"KcpHeO tz5f0K comp-lkwo5ypl3 wixui-rich-text\" data-testid=\"richTextElement\"><p>Kangatraining offers a well-balanced solution to help new parents get back into shape while taking care of their baby.<\/p><\/div><\/div><\/div><\/div><\/div><\/div><\/div><\/div><div id=\"comp-lkwo5ypb__item1\" class=\"comp-lkwo5ypb YzqVVZ wixui-repeater__item\" role=\"listitem\"><div class=\"\" data-mesh-id=\"comp-lkwo5ypb__item1inlineContent\" data-testid=\"inline-content\"><div data-mesh-id=\"comp-lkwo5ypb__item1inlineContent-gridContainer\" data-testid=\"mesh-container-content\"><div id=\"comp-lkwo5ypl3__item1\" class=\"KcpHeO tz5f0K comp-lkwo5ypl3 wixui-rich-text\" data-testid=\"richTextElement\"><div id=\"comp-lkwo5ypb__item3\" class=\"comp-lkwo5ypb YzqVVZ wixui-repeater__item\" role=\"listitem\"><div id=\"bgLayers_comp-lkwo5ypb__item3\" class=\"MW5IWV\" data-hook=\"bgLayers\">\u00a0<\/div><\/div><\/div><\/div><\/div><\/div><div id=\"comp-lkwo5ypb__item2\" class=\"comp-lkwo5ypb YzqVVZ wixui-repeater__item\" role=\"listitem\"><div id=\"bgLayers_comp-lkwo5ypb__item2\" class=\"MW5IWV\" data-hook=\"bgLayers\">\u00a0<\/div><\/div>\t\t\t\t\t\t\t\t<\/div>\n\t\t\t\t<\/div>\n\t\t\t\t<\/div>\n\t\t\t\t<\/div>\n\t\t<div class=\"elementor-element elementor-element-01e4678 e-flex e-con-boxed e-con e-parent\" data-id=\"01e4678\" data-element_type=\"container\" data-e-type=\"container\" data-settings=\"{&quot;background_background&quot;:&quot;classic&quot;}\">\n\t\t\t\t\t<div class=\"e-con-inner\">\n\t\t\t\t<div class=\"elementor-element elementor-element-33aa0a2 elementor-widget elementor-widget-ameliaeventslistbooking\" data-id=\"33aa0a2\" data-element_type=\"widget\" data-e-type=\"widget\" data-widget_type=\"ameliaeventslistbooking.default\">\n\t\t\t\t<div class=\"elementor-widget-container\">\n\t\t\t\t\t<script>\n  if (typeof hasAmeliaEvent === 'undefined') {\n    var hasAmeliaEvent = true;\n  }\n  if (typeof hasEventApiCall === 'undefined' && ('' === '' && '' !== '1')) {\n    var hasEventApiCall = true;\n  }\n  var hasEventShortcode = (typeof hasEventShortcode === 'undefined') ? false : true;\n  var ameliaShortcodeData = (typeof ameliaShortcodeData === 'undefined') ? [] : ameliaShortcodeData;\n  ameliaShortcodeData.push(\n    {\n      'hasApiCall': (typeof hasEventApiCall !== 'undefined') && hasEventApiCall,\n      'trigger': '',\n      'trigger_type': '',\n      'triggered_form': 'elf',\n      'in_dialog': '',\n      'counter': '1000',\n      'employee': '',\n      'eventId': '',\n      'eventRecurring': 0,\n      'eventTag': \"{kanga}\",\n      'locationId': \"\"\n    }\n  );\n  var ameliaShortcodeDataTriggered = (typeof ameliaShortcodeDataTriggered === 'undefined') ? [] : ameliaShortcodeDataTriggered;\n  if (ameliaShortcodeData[ameliaShortcodeData.length - 1].trigger !== '') {\n    if (ameliaShortcodeDataTriggered.filter(a => a.counter === ameliaShortcodeData[ameliaShortcodeData.length - 1].counter).length === 0) {\n      ameliaShortcodeDataTriggered.push(ameliaShortcodeData.pop());\n    } else {\n      ameliaShortcodeData.pop()\n    }\n  }\n  if (typeof hasEventApiCall !== 'undefined' && hasEventApiCall) {\n    hasEventApiCall = false;\n  }\n<\/script>\n\n<div\n  id=\"amelia-v2-booking-1000\"\n  class=\"amelia-v2-booking\"\n>\n    <events-list-form-wrapper><\/div>\n\t\t\t\t<\/div>\n\t\t\t\t<\/div>\n\t\t\t\t\t<\/div>\n\t\t\t\t<\/div>\n\t\t\t\t<\/div>\n\t\t","protected":false},"excerpt":{"rendered":"<p>Kangatraining Kangatraining is a specialized fitness program designed for postpartum parents. Meet your teacher S\u00e9r\u00e9na\u00a0Chaumont Pr\u00e9vost A mother of two and a former daycare educator, S\u00e9r\u00e9na quickly discovered that babywearing is a true life-saver for busy parents. Her passion for movement and dance naturally led her to Kangatraining, a unique postnatal workout that combines fitness [&hellip;]<\/p>\n","protected":false},"author":4,"featured_media":0,"parent":0,"menu_order":0,"comment_status":"closed","ping_status":"closed","template":"","meta":{"_acf_changed":false,"footnotes":""},"class_list":["post-8844","page","type-page","status-publish","hentry"],"acf":[],"yoast_head":"<!-- This site is optimized with the Yoast SEO Premium plugin v22.5 (Yoast SEO v27.3) - https:\/\/yoast.com\/product\/yoast-seo-premium-wordpress\/ -->\n<title>Kangatraining | Venez apprendre avec nous!<\/title>\n<meta name=\"description\" content=\"Le Kangatraining est un entra\u00eenement unique con\u00e7u par des physioth\u00e9rapeutes pour soutenir, renforcer et honorer votre corps post-partum.\" \/>\n<meta name=\"robots\" content=\"index, follow, max-snippet:-1, max-image-preview:large, max-video-preview:-1\" \/>\n<link rel=\"canonical\" href=\"https:\/\/entourage.coop\/en\/kangatraining\/\" \/>\n<meta property=\"og:locale\" content=\"en_US\" \/>\n<meta property=\"og:type\" content=\"article\" \/>\n<meta property=\"og:title\" content=\"Kangatraining EN\" \/>\n<meta property=\"og:description\" content=\"Le Kangatraining est un entra\u00eenement unique con\u00e7u par des physioth\u00e9rapeutes pour soutenir, renforcer et honorer votre corps post-partum.\" \/>\n<meta property=\"og:url\" content=\"https:\/\/entourage.coop\/en\/kangatraining\/\" \/>\n<meta property=\"og:site_name\" content=\"Cr\u00e9ations Partage\" \/>\n<meta property=\"article:modified_time\" content=\"2026-02-25T22:03:11+00:00\" \/>\n<meta property=\"og:image\" content=\"https:\/\/entourage.coop\/wp-content\/uploads\/2024\/08\/IMG_4511-scaled.jpg\" \/>\n\t<meta property=\"og:image:width\" content=\"2048\" \/>\n\t<meta property=\"og:image:height\" content=\"2560\" \/>\n\t<meta property=\"og:image:type\" content=\"image\/jpeg\" \/>\n<meta name=\"twitter:card\" content=\"summary_large_image\" \/>\n<meta name=\"twitter:label1\" content=\"Est. reading time\" \/>\n\t<meta name=\"twitter:data1\" content=\"2 minutes\" \/>\n<script type=\"application\/ld+json\" class=\"yoast-schema-graph\">{\"@context\":\"https:\\\/\\\/schema.org\",\"@graph\":[{\"@type\":\"WebPage\",\"@id\":\"https:\\\/\\\/entourage.coop\\\/en\\\/kangatraining\\\/\",\"url\":\"https:\\\/\\\/entourage.coop\\\/en\\\/kangatraining\\\/\",\"name\":\"Kangatraining | Venez apprendre avec nous!\",\"isPartOf\":{\"@id\":\"https:\\\/\\\/entourage.coop\\\/en\\\/#website\"},\"primaryImageOfPage\":{\"@id\":\"https:\\\/\\\/entourage.coop\\\/en\\\/kangatraining\\\/#primaryimage\"},\"image\":{\"@id\":\"https:\\\/\\\/entourage.coop\\\/en\\\/kangatraining\\\/#primaryimage\"},\"thumbnailUrl\":\"https:\\\/\\\/entourage.coop\\\/wp-content\\\/uploads\\\/2024\\\/08\\\/IMG_4511-768x960.jpg\",\"datePublished\":\"2024-08-21T19:07:40+00:00\",\"dateModified\":\"2026-02-25T22:03:11+00:00\",\"description\":\"Le Kangatraining est un entra\u00eenement unique con\u00e7u par des physioth\u00e9rapeutes pour soutenir, renforcer et honorer votre corps post-partum.\",\"breadcrumb\":{\"@id\":\"https:\\\/\\\/entourage.coop\\\/en\\\/kangatraining\\\/#breadcrumb\"},\"inLanguage\":\"en-US\",\"potentialAction\":[{\"@type\":\"ReadAction\",\"target\":[\"https:\\\/\\\/entourage.coop\\\/en\\\/kangatraining\\\/\"]}]},{\"@type\":\"ImageObject\",\"inLanguage\":\"en-US\",\"@id\":\"https:\\\/\\\/entourage.coop\\\/en\\\/kangatraining\\\/#primaryimage\",\"url\":\"https:\\\/\\\/entourage.coop\\\/wp-content\\\/uploads\\\/2024\\\/08\\\/IMG_4511-768x960.jpg\",\"contentUrl\":\"https:\\\/\\\/entourage.coop\\\/wp-content\\\/uploads\\\/2024\\\/08\\\/IMG_4511-768x960.jpg\"},{\"@type\":\"BreadcrumbList\",\"@id\":\"https:\\\/\\\/entourage.coop\\\/en\\\/kangatraining\\\/#breadcrumb\",\"itemListElement\":[{\"@type\":\"ListItem\",\"position\":1,\"name\":\"Home\",\"item\":\"https:\\\/\\\/entourage.coop\\\/en\\\/\"},{\"@type\":\"ListItem\",\"position\":2,\"name\":\"Kangatraining EN\"}]},{\"@type\":\"WebSite\",\"@id\":\"https:\\\/\\\/entourage.coop\\\/en\\\/#website\",\"url\":\"https:\\\/\\\/entourage.coop\\\/en\\\/\",\"name\":\"L'Entourage | Coop familiale en Outaouais\",\"description\":\"Coop familiale\",\"publisher\":{\"@id\":\"https:\\\/\\\/entourage.coop\\\/en\\\/#organization\"},\"potentialAction\":[{\"@type\":\"SearchAction\",\"target\":{\"@type\":\"EntryPoint\",\"urlTemplate\":\"https:\\\/\\\/entourage.coop\\\/en\\\/?s={search_term_string}\"},\"query-input\":{\"@type\":\"PropertyValueSpecification\",\"valueRequired\":true,\"valueName\":\"search_term_string\"}}],\"inLanguage\":\"en-US\"},{\"@type\":\"Organization\",\"@id\":\"https:\\\/\\\/entourage.coop\\\/en\\\/#organization\",\"name\":\"L'Entourage | Coop familiale en Outaouais\",\"url\":\"https:\\\/\\\/entourage.coop\\\/en\\\/\",\"logo\":{\"@type\":\"ImageObject\",\"inLanguage\":\"en-US\",\"@id\":\"https:\\\/\\\/entourage.coop\\\/en\\\/#\\\/schema\\\/logo\\\/image\\\/\",\"url\":\"https:\\\/\\\/entourage.coop\\\/wp-content\\\/uploads\\\/2023\\\/09\\\/entourage_logo_color-03.png\",\"contentUrl\":\"https:\\\/\\\/entourage.coop\\\/wp-content\\\/uploads\\\/2023\\\/09\\\/entourage_logo_color-03.png\",\"width\":1459,\"height\":417,\"caption\":\"L'Entourage | Coop familiale en Outaouais\"},\"image\":{\"@id\":\"https:\\\/\\\/entourage.coop\\\/en\\\/#\\\/schema\\\/logo\\\/image\\\/\"}}]}<\/script>\n<!-- \/ Yoast SEO Premium plugin. -->","yoast_head_json":{"title":"Kangatraining | Venez apprendre avec nous!","description":"Le Kangatraining est un entra\u00eenement unique con\u00e7u par des physioth\u00e9rapeutes pour soutenir, renforcer et honorer votre corps post-partum.","robots":{"index":"index","follow":"follow","max-snippet":"max-snippet:-1","max-image-preview":"max-image-preview:large","max-video-preview":"max-video-preview:-1"},"canonical":"https:\/\/entourage.coop\/en\/kangatraining\/","og_locale":"en_US","og_type":"article","og_title":"Kangatraining EN","og_description":"Le Kangatraining est un entra\u00eenement unique con\u00e7u par des physioth\u00e9rapeutes pour soutenir, renforcer et honorer votre corps post-partum.","og_url":"https:\/\/entourage.coop\/en\/kangatraining\/","og_site_name":"Cr\u00e9ations Partage","article_modified_time":"2026-02-25T22:03:11+00:00","og_image":[{"width":2048,"height":2560,"url":"https:\/\/entourage.coop\/wp-content\/uploads\/2024\/08\/IMG_4511-scaled.jpg","type":"image\/jpeg"}],"twitter_card":"summary_large_image","twitter_misc":{"Est. reading time":"2 minutes"},"schema":{"@context":"https:\/\/schema.org","@graph":[{"@type":"WebPage","@id":"https:\/\/entourage.coop\/en\/kangatraining\/","url":"https:\/\/entourage.coop\/en\/kangatraining\/","name":"Kangatraining | Venez apprendre avec nous!","isPartOf":{"@id":"https:\/\/entourage.coop\/en\/#website"},"primaryImageOfPage":{"@id":"https:\/\/entourage.coop\/en\/kangatraining\/#primaryimage"},"image":{"@id":"https:\/\/entourage.coop\/en\/kangatraining\/#primaryimage"},"thumbnailUrl":"https:\/\/entourage.coop\/wp-content\/uploads\/2024\/08\/IMG_4511-768x960.jpg","datePublished":"2024-08-21T19:07:40+00:00","dateModified":"2026-02-25T22:03:11+00:00","description":"Le Kangatraining est un entra\u00eenement unique con\u00e7u par des physioth\u00e9rapeutes pour soutenir, renforcer et honorer votre corps post-partum.","breadcrumb":{"@id":"https:\/\/entourage.coop\/en\/kangatraining\/#breadcrumb"},"inLanguage":"en-US","potentialAction":[{"@type":"ReadAction","target":["https:\/\/entourage.coop\/en\/kangatraining\/"]}]},{"@type":"ImageObject","inLanguage":"en-US","@id":"https:\/\/entourage.coop\/en\/kangatraining\/#primaryimage","url":"https:\/\/entourage.coop\/wp-content\/uploads\/2024\/08\/IMG_4511-768x960.jpg","contentUrl":"https:\/\/entourage.coop\/wp-content\/uploads\/2024\/08\/IMG_4511-768x960.jpg"},{"@type":"BreadcrumbList","@id":"https:\/\/entourage.coop\/en\/kangatraining\/#breadcrumb","itemListElement":[{"@type":"ListItem","position":1,"name":"Home","item":"https:\/\/entourage.coop\/en\/"},{"@type":"ListItem","position":2,"name":"Kangatraining EN"}]},{"@type":"WebSite","@id":"https:\/\/entourage.coop\/en\/#website","url":"https:\/\/entourage.coop\/en\/","name":"L'Entourage | Coop familiale en Outaouais","description":"Coop familiale","publisher":{"@id":"https:\/\/entourage.coop\/en\/#organization"},"potentialAction":[{"@type":"SearchAction","target":{"@type":"EntryPoint","urlTemplate":"https:\/\/entourage.coop\/en\/?s={search_term_string}"},"query-input":{"@type":"PropertyValueSpecification","valueRequired":true,"valueName":"search_term_string"}}],"inLanguage":"en-US"},{"@type":"Organization","@id":"https:\/\/entourage.coop\/en\/#organization","name":"L'Entourage | Coop familiale en Outaouais","url":"https:\/\/entourage.coop\/en\/","logo":{"@type":"ImageObject","inLanguage":"en-US","@id":"https:\/\/entourage.coop\/en\/#\/schema\/logo\/image\/","url":"https:\/\/entourage.coop\/wp-content\/uploads\/2023\/09\/entourage_logo_color-03.png","contentUrl":"https:\/\/entourage.coop\/wp-content\/uploads\/2023\/09\/entourage_logo_color-03.png","width":1459,"height":417,"caption":"L'Entourage | Coop familiale en Outaouais"},"image":{"@id":"https:\/\/entourage.coop\/en\/#\/schema\/logo\/image\/"}}]}},"_links":{"self":[{"href":"https:\/\/entourage.coop\/en\/wp-json\/wp\/v2\/pages\/8844","targetHints":{"allow":["GET"]}}],"collection":[{"href":"https:\/\/entourage.coop\/en\/wp-json\/wp\/v2\/pages"}],"about":[{"href":"https:\/\/entourage.coop\/en\/wp-json\/wp\/v2\/types\/page"}],"author":[{"embeddable":true,"href":"https:\/\/entourage.coop\/en\/wp-json\/wp\/v2\/users\/4"}],"replies":[{"embeddable":true,"href":"https:\/\/entourage.coop\/en\/wp-json\/wp\/v2\/comments?post=8844"}],"version-history":[{"count":11,"href":"https:\/\/entourage.coop\/en\/wp-json\/wp\/v2\/pages\/8844\/revisions"}],"predecessor-version":[{"id":9027,"href":"https:\/\/entourage.coop\/en\/wp-json\/wp\/v2\/pages\/8844\/revisions\/9027"}],"wp:attachment":[{"href":"https:\/\/entourage.coop\/en\/wp-json\/wp\/v2\/media?parent=8844"}],"curies":[{"name":"wp","href":"https:\/\/api.w.org\/{rel}","templated":true}]}}